{"id":2805,"date":"2022-09-03T00:09:12","date_gmt":"2022-09-03T00:09:12","guid":{"rendered":"https:\/\/www.southbox.com.ar\/?page_id=2805"},"modified":"2025-09-16T17:15:04","modified_gmt":"2025-09-16T17:15:04","slug":"ventas","status":"publish","type":"page","link":"https:\/\/www.southbox.com.ar\/?page_id=2805","title":{"rendered":"Ventas"},"content":{"rendered":"\t\t<div data-elementor-type=\"wp-page\" data-elementor-id=\"2805\" class=\"elementor elementor-2805\">\n\t\t\t\t\t\t<section class=\"elementor-section elementor-top-section elementor-element elementor-element-887znaz elementor-section-content-middle elementor-section-boxed elementor-section-height-default elementor-section-height-default elementor-invisible\" data-id=\"887znaz\" data-element_type=\"section\" data-e-type=\"section\" data-settings=\"{&quot;background_background&quot;:&quot;classic&quot;,&quot;animation&quot;:&quot;fadeInUp&quot;}\">\n\t\t\t\t\t\t\t<div class=\"elementor-background-overlay\"><\/div>\n\t\t\t\t\t\t\t<div class=\"elementor-container elementor-column-gap-no\">\n\t\t\t\t\t<div class=\"elementor-column elementor-col-100 elementor-top-column elementor-element elementor-element-116f2ae\" data-id=\"116f2ae\" data-element_type=\"column\" data-e-type=\"column\">\n\t\t\t<div class=\"elementor-widget-wrap elementor-element-populated\">\n\t\t\t\t\t\t<div class=\"elementor-element elementor-element-d26675a elementor-widget elementor-widget-heading\" data-id=\"d26675a\" data-element_type=\"widget\" data-e-type=\"widget\" data-widget_type=\"heading.default\">\n\t\t\t\t<div class=\"elementor-widget-container\">\n\t\t\t\t\t<h6 class=\"elementor-heading-title elementor-size-default\">Contamos con el mejor asesoramiento en ventas y servicio post-venta para todo equipamiento  de Inform\u00e1tica  y Tecnologia.<\/h6>\t\t\t\t<\/div>\n\t\t\t\t<\/div>\n\t\t\t\t<div class=\"elementor-element elementor-element-0ee3783 elementor-widget elementor-widget-spacer\" data-id=\"0ee3783\" data-element_type=\"widget\" data-e-type=\"widget\" data-widget_type=\"spacer.default\">\n\t\t\t\t<div class=\"elementor-widget-container\">\n\t\t\t\t\t\t\t<div class=\"elementor-spacer\">\n\t\t\t<div class=\"elementor-spacer-inner\"><\/div>\n\t\t<\/div>\n\t\t\t\t\t\t<\/div>\n\t\t\t\t<\/div>\n\t\t\t\t<div class=\"elementor-element elementor-element-7ce089f1 elementor-align-center elementor-mobile-align-center elementor-widget elementor-widget-button\" data-id=\"7ce089f1\" data-element_type=\"widget\" data-e-type=\"widget\" data-widget_type=\"button.default\">\n\t\t\t\t<div class=\"elementor-widget-container\">\n\t\t\t\t\t\t\t\t\t<div class=\"elementor-button-wrapper\">\n\t\t\t\t\t<a class=\"elementor-button elementor-button-link elementor-size-lg\" href=\"https:\/\/www.southbox.com.ar\/?page_id=2729\">\n\t\t\t\t\t\t<span class=\"elementor-button-content-wrapper\">\n\t\t\t\t\t\t\t\t\t<span class=\"elementor-button-text\">COMPRAR AHORA<\/span>\n\t\t\t\t\t<\/span>\n\t\t\t\t\t<\/a>\n\t\t\t\t<\/div>\n\t\t\t\t\t\t\t\t<\/div>\n\t\t\t\t<\/div>\n\t\t\t\t\t<\/div>\n\t\t<\/div>\n\t\t\t\t\t<\/div>\n\t\t<\/section>\n\t\t\t\t<section class=\"elementor-section elementor-top-section elementor-element elementor-element-005ec52 elementor-section-boxed elementor-section-height-default elementor-section-height-default\" data-id=\"005ec52\" data-element_type=\"section\" data-e-type=\"section\">\n\t\t\t\t\t\t<div class=\"elementor-container elementor-column-gap-default\">\n\t\t\t\t\t<div class=\"elementor-column elementor-col-33 elementor-top-column elementor-element elementor-element-35879b9\" data-id=\"35879b9\" data-element_type=\"column\" data-e-type=\"column\">\n\t\t\t<div class=\"elementor-widget-wrap elementor-element-populated\">\n\t\t\t\t\t\t<div class=\"elementor-element elementor-element-f62224d elementor-widget elementor-widget-image\" data-id=\"f62224d\" data-element_type=\"widget\" data-e-type=\"widget\" data-widget_type=\"image.default\">\n\t\t\t\t<div class=\"elementor-widget-container\">\n\t\t\t\t\t\t\t\t\t\t\t\t\t\t\t<img fetchpriority=\"high\" decoding=\"async\" width=\"1280\" height=\"853\" src=\"https:\/\/www.southbox.com.ar\/wp-content\/uploads\/2022\/08\/office-printer-copier-5169618.jpg\" class=\"attachment-full size-full wp-image-2613\" alt=\"office, printer, copier-5169618.jpg\" srcset=\"https:\/\/www.southbox.com.ar\/wp-content\/uploads\/2022\/08\/office-printer-copier-5169618.jpg 1280w, https:\/\/www.southbox.com.ar\/wp-content\/uploads\/2022\/08\/office-printer-copier-5169618-300x200.jpg 300w, https:\/\/www.southbox.com.ar\/wp-content\/uploads\/2022\/08\/office-printer-copier-5169618-1024x682.jpg 1024w, https:\/\/www.southbox.com.ar\/wp-content\/uploads\/2022\/08\/office-printer-copier-5169618-768x512.jpg 768w\" sizes=\"(max-width: 1280px) 100vw, 1280px\" \/>\t\t\t\t\t\t\t\t\t\t\t\t\t\t\t<\/div>\n\t\t\t\t<\/div>\n\t\t\t\t\t<\/div>\n\t\t<\/div>\n\t\t\t\t<div class=\"elementor-column elementor-col-33 elementor-top-column elementor-element elementor-element-00f1fce\" data-id=\"00f1fce\" data-element_type=\"column\" data-e-type=\"column\">\n\t\t\t<div class=\"elementor-widget-wrap elementor-element-populated\">\n\t\t\t\t\t\t<div class=\"elementor-element elementor-element-85e6da5 elementor-position-inline-start elementor-view-default elementor-mobile-position-block-start elementor-widget elementor-widget-icon-box\" data-id=\"85e6da5\" data-element_type=\"widget\" data-e-type=\"widget\" data-widget_type=\"icon-box.default\">\n\t\t\t\t<div class=\"elementor-widget-container\">\n\t\t\t\t\t\t\t<div class=\"elementor-icon-box-wrapper\">\n\n\t\t\t\t\t\t<div class=\"elementor-icon-box-icon\">\n\t\t\t\t<span  class=\"elementor-icon\">\n\t\t\t\t<i aria-hidden=\"true\" class=\"fas fa-dot-circle\"><\/i>\t\t\t\t<\/span>\n\t\t\t<\/div>\n\t\t\t\n\t\t\t\t\t\t<div class=\"elementor-icon-box-content\">\n\n\t\t\t\t\t\t\t\t\t<h3 class=\"elementor-icon-box-title\">\n\t\t\t\t\t\t<span  >\n\t\t\t\t\t\t\tinsumos Networking\t\t\t\t\t\t<\/span>\n\t\t\t\t\t<\/h3>\n\t\t\t\t\n\t\t\t\t\t\t\t\t\t<p class=\"elementor-icon-box-description\">\n\t\t\t\t\t\tPatch Cord, Siwitch, Cables, Routers.\t\t\t\t\t<\/p>\n\t\t\t\t\n\t\t\t<\/div>\n\t\t\t\n\t\t<\/div>\n\t\t\t\t\t\t<\/div>\n\t\t\t\t<\/div>\n\t\t\t\t<div class=\"elementor-element elementor-element-8d93283 elementor-position-inline-start elementor-view-default elementor-mobile-position-block-start elementor-widget elementor-widget-icon-box\" data-id=\"8d93283\" data-element_type=\"widget\" data-e-type=\"widget\" data-widget_type=\"icon-box.default\">\n\t\t\t\t<div class=\"elementor-widget-container\">\n\t\t\t\t\t\t\t<div class=\"elementor-icon-box-wrapper\">\n\n\t\t\t\t\t\t<div class=\"elementor-icon-box-icon\">\n\t\t\t\t<span  class=\"elementor-icon\">\n\t\t\t\t<i aria-hidden=\"true\" class=\"fas fa-dot-circle\"><\/i>\t\t\t\t<\/span>\n\t\t\t<\/div>\n\t\t\t\n\t\t\t\t\t\t<div class=\"elementor-icon-box-content\">\n\n\t\t\t\t\t\t\t\t\t<h3 class=\"elementor-icon-box-title\">\n\t\t\t\t\t\t<span  >\n\t\t\t\t\t\t\tComputadoras\t\t\t\t\t\t<\/span>\n\t\t\t\t\t<\/h3>\n\t\t\t\t\n\t\t\t\t\t\t\t\t\t<p class=\"elementor-icon-box-description\">\n\t\t\t\t\t\tPC Escritorio, Notebooks.\t\t\t\t\t<\/p>\n\t\t\t\t\n\t\t\t<\/div>\n\t\t\t\n\t\t<\/div>\n\t\t\t\t\t\t<\/div>\n\t\t\t\t<\/div>\n\t\t\t\t<div class=\"elementor-element elementor-element-f1f3194 elementor-position-inline-start elementor-view-default elementor-mobile-position-block-start elementor-widget elementor-widget-icon-box\" data-id=\"f1f3194\" data-element_type=\"widget\" data-e-type=\"widget\" data-widget_type=\"icon-box.default\">\n\t\t\t\t<div class=\"elementor-widget-container\">\n\t\t\t\t\t\t\t<div class=\"elementor-icon-box-wrapper\">\n\n\t\t\t\t\t\t<div class=\"elementor-icon-box-icon\">\n\t\t\t\t<span  class=\"elementor-icon\">\n\t\t\t\t<i aria-hidden=\"true\" class=\"fas fa-dot-circle\"><\/i>\t\t\t\t<\/span>\n\t\t\t<\/div>\n\t\t\t\n\t\t\t\t\t\t<div class=\"elementor-icon-box-content\">\n\n\t\t\t\t\t\t\t\t\t<h3 class=\"elementor-icon-box-title\">\n\t\t\t\t\t\t<span  >\n\t\t\t\t\t\t\tMonitores\t\t\t\t\t\t<\/span>\n\t\t\t\t\t<\/h3>\n\t\t\t\t\n\t\t\t\t\n\t\t\t<\/div>\n\t\t\t\n\t\t<\/div>\n\t\t\t\t\t\t<\/div>\n\t\t\t\t<\/div>\n\t\t\t\t\t<\/div>\n\t\t<\/div>\n\t\t\t\t<div class=\"elementor-column elementor-col-33 elementor-top-column elementor-element elementor-element-afbd2ee\" data-id=\"afbd2ee\" data-element_type=\"column\" data-e-type=\"column\">\n\t\t\t<div class=\"elementor-widget-wrap elementor-element-populated\">\n\t\t\t\t\t\t<div class=\"elementor-element elementor-element-545690a elementor-position-inline-start elementor-view-default elementor-mobile-position-block-start elementor-widget elementor-widget-icon-box\" data-id=\"545690a\" data-element_type=\"widget\" data-e-type=\"widget\" data-widget_type=\"icon-box.default\">\n\t\t\t\t<div class=\"elementor-widget-container\">\n\t\t\t\t\t\t\t<div class=\"elementor-icon-box-wrapper\">\n\n\t\t\t\t\t\t<div class=\"elementor-icon-box-icon\">\n\t\t\t\t<span  class=\"elementor-icon\">\n\t\t\t\t<i aria-hidden=\"true\" class=\"fas fa-dot-circle\"><\/i>\t\t\t\t<\/span>\n\t\t\t<\/div>\n\t\t\t\n\t\t\t\t\t\t<div class=\"elementor-icon-box-content\">\n\n\t\t\t\t\t\t\t\t\t<h3 class=\"elementor-icon-box-title\">\n\t\t\t\t\t\t<span  >\n\t\t\t\t\t\t\tImpresoras\t\t\t\t\t\t<\/span>\n\t\t\t\t\t<\/h3>\n\t\t\t\t\n\t\t\t\t\n\t\t\t<\/div>\n\t\t\t\n\t\t<\/div>\n\t\t\t\t\t\t<\/div>\n\t\t\t\t<\/div>\n\t\t\t\t<div class=\"elementor-element elementor-element-419fd54 elementor-position-inline-start elementor-view-default elementor-mobile-position-block-start elementor-widget elementor-widget-icon-box\" data-id=\"419fd54\" data-element_type=\"widget\" data-e-type=\"widget\" data-widget_type=\"icon-box.default\">\n\t\t\t\t<div class=\"elementor-widget-container\">\n\t\t\t\t\t\t\t<div class=\"elementor-icon-box-wrapper\">\n\n\t\t\t\t\t\t<div class=\"elementor-icon-box-icon\">\n\t\t\t\t<span  class=\"elementor-icon\">\n\t\t\t\t<i aria-hidden=\"true\" class=\"fas fa-dot-circle\"><\/i>\t\t\t\t<\/span>\n\t\t\t<\/div>\n\t\t\t\n\t\t\t\t\t\t<div class=\"elementor-icon-box-content\">\n\n\t\t\t\t\t\t\t\t\t<h3 class=\"elementor-icon-box-title\">\n\t\t\t\t\t\t<span  >\n\t\t\t\t\t\t\tVentas especiales\t\t\t\t\t\t<\/span>\n\t\t\t\t\t<\/h3>\n\t\t\t\t\n\t\t\t\t\t\t\t\t\t<p class=\"elementor-icon-box-description\">\n\t\t\t\t\t\tServidores, Ups, Storage, Racks.\t\t\t\t\t<\/p>\n\t\t\t\t\n\t\t\t<\/div>\n\t\t\t\n\t\t<\/div>\n\t\t\t\t\t\t<\/div>\n\t\t\t\t<\/div>\n\t\t\t\t<div class=\"elementor-element elementor-element-27880d3 elementor-position-inline-start elementor-view-default elementor-mobile-position-block-start elementor-widget elementor-widget-icon-box\" data-id=\"27880d3\" data-element_type=\"widget\" data-e-type=\"widget\" data-widget_type=\"icon-box.default\">\n\t\t\t\t<div class=\"elementor-widget-container\">\n\t\t\t\t\t\t\t<div class=\"elementor-icon-box-wrapper\">\n\n\t\t\t\t\t\t<div class=\"elementor-icon-box-icon\">\n\t\t\t\t<span  class=\"elementor-icon\">\n\t\t\t\t<i aria-hidden=\"true\" class=\"fas fa-dot-circle\"><\/i>\t\t\t\t<\/span>\n\t\t\t<\/div>\n\t\t\t\n\t\t\t\t\t\t<div class=\"elementor-icon-box-content\">\n\n\t\t\t\t\t\t\t\t\t<h3 class=\"elementor-icon-box-title\">\n\t\t\t\t\t\t<span  >\n\t\t\t\t\t\t\talquiler de impresoras\t\t\t\t\t\t<\/span>\n\t\t\t\t\t<\/h3>\n\t\t\t\t\n\t\t\t\t\t\t\t\t\t<p class=\"elementor-icon-box-description\">\n\t\t\t\t\t\tMultifunci\u00f3n Laser.\t\t\t\t\t<\/p>\n\t\t\t\t\n\t\t\t<\/div>\n\t\t\t\n\t\t<\/div>\n\t\t\t\t\t\t<\/div>\n\t\t\t\t<\/div>\n\t\t\t\t\t<\/div>\n\t\t<\/div>\n\t\t\t\t\t<\/div>\n\t\t<\/section>\n\t\t\t\t<section class=\"elementor-section elementor-top-section elementor-element elementor-element-mfj2oav elementor-section-content-middle elementor-section-boxed elementor-section-height-default elementor-section-height-default\" data-id=\"mfj2oav\" data-element_type=\"section\" data-e-type=\"section\" data-settings=\"{&quot;background_background&quot;:&quot;classic&quot;}\">\n\t\t\t\t\t\t<div class=\"elementor-container elementor-column-gap-no\">\n\t\t\t\t\t<div class=\"elementor-column elementor-col-100 elementor-top-column elementor-element elementor-element-0774ce9\" data-id=\"0774ce9\" data-element_type=\"column\" data-e-type=\"column\">\n\t\t\t<div class=\"elementor-widget-wrap elementor-element-populated\">\n\t\t\t\t\t\t<div class=\"elementor-element elementor-element-7586c77 elementor-widget elementor-widget-heading\" data-id=\"7586c77\" data-element_type=\"widget\" data-e-type=\"widget\" data-widget_type=\"heading.default\">\n\t\t\t\t<div class=\"elementor-widget-container\">\n\t\t\t\t\t<h2 class=\"elementor-heading-title elementor-size-default\">Tiempo de Respuesta<\/h2>\t\t\t\t<\/div>\n\t\t\t\t<\/div>\n\t\t\t\t<div class=\"elementor-element elementor-element-54c3204 elementor-widget elementor-widget-text-editor\" data-id=\"54c3204\" data-element_type=\"widget\" data-e-type=\"widget\" data-widget_type=\"text-editor.default\">\n\t\t\t\t<div class=\"elementor-widget-container\">\n\t\t\t\t\t\t\t\t\t<p><strong>Los pedidos <\/strong>se reciben\u00a0 v\u00eda correo electr\u00f3nico durante las 24hs los 365 d\u00edas del a\u00f1o a<strong> info@southbox.com.ar <\/strong>o telefonicamente en el horario de <strong>Lunes a Viernes de 8:30hs a 19:30hs y Sabados de 8:30hs a 12:30hs.<\/strong><\/p><p>Para nuestros clientes tenemos prioridad\u00a0 en los tiempos de respuesta, no m\u00e1s de 24hs para estar en tema y proponer una soluci\u00f3n\u00a0 factible.<\/p>\t\t\t\t\t\t\t\t<\/div>\n\t\t\t\t<\/div>\n\t\t\t\t\t<\/div>\n\t\t<\/div>\n\t\t\t\t\t<\/div>\n\t\t<\/section>\n\t\t\t\t<\/div>\n\t\t","protected":false},"excerpt":{"rendered":"<p>Contamos con el mejor asesoramiento en ventas y servicio post-venta para todo equipamiento de Inform\u00e1tica y Tecnologia. COMPRAR AHORA insumos Networking Patch Cord, Siwitch, Cables, [&hellip;]<\/p>\n","protected":false},"author":1,"featured_media":0,"parent":0,"menu_order":0,"comment_status":"closed","ping_status":"closed","template":"","meta":{"footnotes":""},"class_list":["post-2805","page","type-page","status-publish","hentry"],"yoast_head":"<!-- This site is optimized with the Yoast SEO plugin v27.5 - https:\/\/yoast.com\/product\/yoast-seo-wordpress\/ -->\n<title>Ventas - Southbox<\/title>\n<meta name=\"description\" content=\"El mejor asesoramiento en ventas y servicio post-venta para todo equipamiento de Inform\u00e1tica y Tecnologia. Insumos Networking, impresoras, monitores.\" \/>\n<meta name=\"robots\" content=\"index, follow, max-snippet:-1, max-image-preview:large, max-video-preview:-1\" \/>\n<link rel=\"canonical\" href=\"https:\/\/www.southbox.com.ar\/?page_id=2805\" \/>\n<meta property=\"og:locale\" content=\"es_ES\" \/>\n<meta property=\"og:type\" content=\"article\" \/>\n<meta property=\"og:title\" content=\"Ventas - Southbox\" \/>\n<meta property=\"og:description\" content=\"El mejor asesoramiento en ventas y servicio post-venta para todo equipamiento de Inform\u00e1tica y Tecnologia. Insumos Networking, impresoras, monitores.\" \/>\n<meta property=\"og:url\" content=\"https:\/\/www.southbox.com.ar\/?page_id=2805\" \/>\n<meta property=\"og:site_name\" content=\"Southbox\" \/>\n<meta property=\"article:modified_time\" content=\"2025-09-16T17:15:04+00:00\" \/>\n<meta property=\"og:image\" content=\"https:\/\/www.southbox.com.ar\/wp-content\/uploads\/2022\/08\/office-printer-copier-5169618.jpg\" \/>\n\t<meta property=\"og:image:width\" content=\"1280\" \/>\n\t<meta property=\"og:image:height\" content=\"853\" \/>\n\t<meta property=\"og:image:type\" content=\"image\/jpeg\" \/>\n<meta name=\"twitter:card\" content=\"summary_large_image\" \/>\n<meta name=\"twitter:label1\" content=\"Tiempo de lectura\" \/>\n\t<meta name=\"twitter:data1\" content=\"1 minuto\" \/>\n<script type=\"application\/ld+json\" class=\"yoast-schema-graph\">{\"@context\":\"https:\\\/\\\/schema.org\",\"@graph\":[{\"@type\":\"WebPage\",\"@id\":\"https:\\\/\\\/www.southbox.com.ar\\\/?page_id=2805\",\"url\":\"https:\\\/\\\/www.southbox.com.ar\\\/?page_id=2805\",\"name\":\"Ventas - Southbox\",\"isPartOf\":{\"@id\":\"https:\\\/\\\/www.southbox.com.ar\\\/#website\"},\"primaryImageOfPage\":{\"@id\":\"https:\\\/\\\/www.southbox.com.ar\\\/?page_id=2805#primaryimage\"},\"image\":{\"@id\":\"https:\\\/\\\/www.southbox.com.ar\\\/?page_id=2805#primaryimage\"},\"thumbnailUrl\":\"https:\\\/\\\/www.southbox.com.ar\\\/wp-content\\\/uploads\\\/2022\\\/08\\\/office-printer-copier-5169618.jpg\",\"datePublished\":\"2022-09-03T00:09:12+00:00\",\"dateModified\":\"2025-09-16T17:15:04+00:00\",\"description\":\"El mejor asesoramiento en ventas y servicio post-venta para todo equipamiento de Inform\u00e1tica y Tecnologia. Insumos Networking, impresoras, monitores.\",\"breadcrumb\":{\"@id\":\"https:\\\/\\\/www.southbox.com.ar\\\/?page_id=2805#breadcrumb\"},\"inLanguage\":\"es\",\"potentialAction\":[{\"@type\":\"ReadAction\",\"target\":[\"https:\\\/\\\/www.southbox.com.ar\\\/?page_id=2805\"]}]},{\"@type\":\"ImageObject\",\"inLanguage\":\"es\",\"@id\":\"https:\\\/\\\/www.southbox.com.ar\\\/?page_id=2805#primaryimage\",\"url\":\"https:\\\/\\\/www.southbox.com.ar\\\/wp-content\\\/uploads\\\/2022\\\/08\\\/office-printer-copier-5169618.jpg\",\"contentUrl\":\"https:\\\/\\\/www.southbox.com.ar\\\/wp-content\\\/uploads\\\/2022\\\/08\\\/office-printer-copier-5169618.jpg\",\"width\":1280,\"height\":853,\"caption\":\"office, printer, copier-5169618.jpg\"},{\"@type\":\"BreadcrumbList\",\"@id\":\"https:\\\/\\\/www.southbox.com.ar\\\/?page_id=2805#breadcrumb\",\"itemListElement\":[{\"@type\":\"ListItem\",\"position\":1,\"name\":\"Portada\",\"item\":\"https:\\\/\\\/www.southbox.com.ar\\\/\"},{\"@type\":\"ListItem\",\"position\":2,\"name\":\"Ventas\"}]},{\"@type\":\"WebSite\",\"@id\":\"https:\\\/\\\/www.southbox.com.ar\\\/#website\",\"url\":\"https:\\\/\\\/www.southbox.com.ar\\\/\",\"name\":\"Southbox\",\"description\":\"Servicios Tecnologicos\",\"publisher\":{\"@id\":\"https:\\\/\\\/www.southbox.com.ar\\\/#organization\"},\"potentialAction\":[{\"@type\":\"SearchAction\",\"target\":{\"@type\":\"EntryPoint\",\"urlTemplate\":\"https:\\\/\\\/www.southbox.com.ar\\\/?s={search_term_string}\"},\"query-input\":{\"@type\":\"PropertyValueSpecification\",\"valueRequired\":true,\"valueName\":\"search_term_string\"}}],\"inLanguage\":\"es\"},{\"@type\":\"Organization\",\"@id\":\"https:\\\/\\\/www.southbox.com.ar\\\/#organization\",\"name\":\"Southbox\",\"url\":\"https:\\\/\\\/www.southbox.com.ar\\\/\",\"logo\":{\"@type\":\"ImageObject\",\"inLanguage\":\"es\",\"@id\":\"https:\\\/\\\/www.southbox.com.ar\\\/#\\\/schema\\\/logo\\\/image\\\/\",\"url\":\"https:\\\/\\\/www.southbox.com.ar\\\/wp-content\\\/uploads\\\/2022\\\/10\\\/cropped-logo-principal-3-1.png\",\"contentUrl\":\"https:\\\/\\\/www.southbox.com.ar\\\/wp-content\\\/uploads\\\/2022\\\/10\\\/cropped-logo-principal-3-1.png\",\"width\":900,\"height\":280,\"caption\":\"Southbox\"},\"image\":{\"@id\":\"https:\\\/\\\/www.southbox.com.ar\\\/#\\\/schema\\\/logo\\\/image\\\/\"}}]}<\/script>\n<!-- \/ Yoast SEO plugin. -->","yoast_head_json":{"title":"Ventas - Southbox","description":"El mejor asesoramiento en ventas y servicio post-venta para todo equipamiento de Inform\u00e1tica y Tecnologia. Insumos Networking, impresoras, monitores.","robots":{"index":"index","follow":"follow","max-snippet":"max-snippet:-1","max-image-preview":"max-image-preview:large","max-video-preview":"max-video-preview:-1"},"canonical":"https:\/\/www.southbox.com.ar\/?page_id=2805","og_locale":"es_ES","og_type":"article","og_title":"Ventas - Southbox","og_description":"El mejor asesoramiento en ventas y servicio post-venta para todo equipamiento de Inform\u00e1tica y Tecnologia. Insumos Networking, impresoras, monitores.","og_url":"https:\/\/www.southbox.com.ar\/?page_id=2805","og_site_name":"Southbox","article_modified_time":"2025-09-16T17:15:04+00:00","og_image":[{"width":1280,"height":853,"url":"https:\/\/www.southbox.com.ar\/wp-content\/uploads\/2022\/08\/office-printer-copier-5169618.jpg","type":"image\/jpeg"}],"twitter_card":"summary_large_image","twitter_misc":{"Tiempo de lectura":"1 minuto"},"schema":{"@context":"https:\/\/schema.org","@graph":[{"@type":"WebPage","@id":"https:\/\/www.southbox.com.ar\/?page_id=2805","url":"https:\/\/www.southbox.com.ar\/?page_id=2805","name":"Ventas - Southbox","isPartOf":{"@id":"https:\/\/www.southbox.com.ar\/#website"},"primaryImageOfPage":{"@id":"https:\/\/www.southbox.com.ar\/?page_id=2805#primaryimage"},"image":{"@id":"https:\/\/www.southbox.com.ar\/?page_id=2805#primaryimage"},"thumbnailUrl":"https:\/\/www.southbox.com.ar\/wp-content\/uploads\/2022\/08\/office-printer-copier-5169618.jpg","datePublished":"2022-09-03T00:09:12+00:00","dateModified":"2025-09-16T17:15:04+00:00","description":"El mejor asesoramiento en ventas y servicio post-venta para todo equipamiento de Inform\u00e1tica y Tecnologia. Insumos Networking, impresoras, monitores.","breadcrumb":{"@id":"https:\/\/www.southbox.com.ar\/?page_id=2805#breadcrumb"},"inLanguage":"es","potentialAction":[{"@type":"ReadAction","target":["https:\/\/www.southbox.com.ar\/?page_id=2805"]}]},{"@type":"ImageObject","inLanguage":"es","@id":"https:\/\/www.southbox.com.ar\/?page_id=2805#primaryimage","url":"https:\/\/www.southbox.com.ar\/wp-content\/uploads\/2022\/08\/office-printer-copier-5169618.jpg","contentUrl":"https:\/\/www.southbox.com.ar\/wp-content\/uploads\/2022\/08\/office-printer-copier-5169618.jpg","width":1280,"height":853,"caption":"office, printer, copier-5169618.jpg"},{"@type":"BreadcrumbList","@id":"https:\/\/www.southbox.com.ar\/?page_id=2805#breadcrumb","itemListElement":[{"@type":"ListItem","position":1,"name":"Portada","item":"https:\/\/www.southbox.com.ar\/"},{"@type":"ListItem","position":2,"name":"Ventas"}]},{"@type":"WebSite","@id":"https:\/\/www.southbox.com.ar\/#website","url":"https:\/\/www.southbox.com.ar\/","name":"Southbox","description":"Servicios Tecnologicos","publisher":{"@id":"https:\/\/www.southbox.com.ar\/#organization"},"potentialAction":[{"@type":"SearchAction","target":{"@type":"EntryPoint","urlTemplate":"https:\/\/www.southbox.com.ar\/?s={search_term_string}"},"query-input":{"@type":"PropertyValueSpecification","valueRequired":true,"valueName":"search_term_string"}}],"inLanguage":"es"},{"@type":"Organization","@id":"https:\/\/www.southbox.com.ar\/#organization","name":"Southbox","url":"https:\/\/www.southbox.com.ar\/","logo":{"@type":"ImageObject","inLanguage":"es","@id":"https:\/\/www.southbox.com.ar\/#\/schema\/logo\/image\/","url":"https:\/\/www.southbox.com.ar\/wp-content\/uploads\/2022\/10\/cropped-logo-principal-3-1.png","contentUrl":"https:\/\/www.southbox.com.ar\/wp-content\/uploads\/2022\/10\/cropped-logo-principal-3-1.png","width":900,"height":280,"caption":"Southbox"},"image":{"@id":"https:\/\/www.southbox.com.ar\/#\/schema\/logo\/image\/"}}]}},"jetpack_sharing_enabled":true,"_links":{"self":[{"href":"https:\/\/www.southbox.com.ar\/index.php?rest_route=\/wp\/v2\/pages\/2805","targetHints":{"allow":["GET"]}}],"collection":[{"href":"https:\/\/www.southbox.com.ar\/index.php?rest_route=\/wp\/v2\/pages"}],"about":[{"href":"https:\/\/www.southbox.com.ar\/index.php?rest_route=\/wp\/v2\/types\/page"}],"author":[{"embeddable":true,"href":"https:\/\/www.southbox.com.ar\/index.php?rest_route=\/wp\/v2\/users\/1"}],"replies":[{"embeddable":true,"href":"https:\/\/www.southbox.com.ar\/index.php?rest_route=%2Fwp%2Fv2%2Fcomments&post=2805"}],"version-history":[{"count":50,"href":"https:\/\/www.southbox.com.ar\/index.php?rest_route=\/wp\/v2\/pages\/2805\/revisions"}],"predecessor-version":[{"id":3217,"href":"https:\/\/www.southbox.com.ar\/index.php?rest_route=\/wp\/v2\/pages\/2805\/revisions\/3217"}],"wp:attachment":[{"href":"https:\/\/www.southbox.com.ar\/index.php?rest_route=%2Fwp%2Fv2%2Fmedia&parent=2805"}],"curies":[{"name":"wp","href":"https:\/\/api.w.org\/{rel}","templated":true}]}}