{"id":2727,"date":"2022-08-23T02:30:53","date_gmt":"2022-08-23T02:30:53","guid":{"rendered":"https:\/\/www.southbox.com.ar\/?page_id=2727"},"modified":"2024-10-16T23:39:26","modified_gmt":"2024-10-16T23:39:26","slug":"nosotros","status":"publish","type":"page","link":"https:\/\/www.southbox.com.ar\/?page_id=2727","title":{"rendered":"Nosotros"},"content":{"rendered":"\t\t<div data-elementor-type=\"wp-page\" data-elementor-id=\"2727\" class=\"elementor elementor-2727\">\n\t\t\t\t\t\t<section class=\"elementor-section elementor-top-section elementor-element elementor-element-de27c8b elementor-section-content-middle elementor-section-boxed elementor-section-height-default elementor-section-height-default elementor-invisible\" data-id=\"de27c8b\" data-element_type=\"section\" data-e-type=\"section\" data-settings=\"{&quot;background_background&quot;:&quot;classic&quot;,&quot;animation&quot;:&quot;fadeInUp&quot;}\">\n\t\t\t\t\t\t\t<div class=\"elementor-background-overlay\"><\/div>\n\t\t\t\t\t\t\t<div class=\"elementor-container elementor-column-gap-no\">\n\t\t\t\t\t<div class=\"elementor-column elementor-col-100 elementor-top-column elementor-element elementor-element-12432309\" data-id=\"12432309\" data-element_type=\"column\" data-e-type=\"column\">\n\t\t\t<div class=\"elementor-widget-wrap elementor-element-populated\">\n\t\t\t\t\t\t<div class=\"elementor-element elementor-element-4a58d97d elementor-widget elementor-widget-heading\" data-id=\"4a58d97d\" data-element_type=\"widget\" data-e-type=\"widget\" data-widget_type=\"heading.default\">\n\t\t\t\t<div class=\"elementor-widget-container\">\n\t\t\t\t\t<h6 class=\"elementor-heading-title elementor-size-default\">Somos una empresa formada por un equipo de j\u00f3venes profesionales, contamos con m\u00e1s de 13 a\u00f1os de experiencia de soporte a empresas, a\u00f1os en los cuales se ha ido desarrollando el knowhow para brindar soluciones optimas, robustas y confiables.<\/h6>\t\t\t\t<\/div>\n\t\t\t\t<\/div>\n\t\t\t\t<div class=\"elementor-element elementor-element-4c63319 elementor-widget elementor-widget-heading\" data-id=\"4c63319\" data-element_type=\"widget\" data-e-type=\"widget\" data-widget_type=\"heading.default\">\n\t\t\t\t<div class=\"elementor-widget-container\">\n\t\t\t\t\t<h6 class=\"elementor-heading-title elementor-size-default\">Brindamos cobertura en Neuqu\u00e9n y Rio Negro desde nuestra Oficina ubicada en la Ciudad de Neuqu\u00e9n.<\/h6>\t\t\t\t<\/div>\n\t\t\t\t<\/div>\n\t\t\t\t<div class=\"elementor-element elementor-element-a2ab6e2 elementor-widget elementor-widget-heading\" data-id=\"a2ab6e2\" data-element_type=\"widget\" data-e-type=\"widget\" data-widget_type=\"heading.default\">\n\t\t\t\t<div class=\"elementor-widget-container\">\n\t\t\t\t\t<h6 class=\"elementor-heading-title elementor-size-default\">Nuestra Filosof\u00eda se basa en conocer las necesidades de nuestros clientes y desarrollar soluciones a medida bajo los est\u00e1ndares de calidad,  logrando una soluci\u00f3n t\u00e9cnico-econ\u00f3mica \u00f3ptima.<\/h6>\t\t\t\t<\/div>\n\t\t\t\t<\/div>\n\t\t\t\t<div class=\"elementor-element elementor-element-614e810d elementor-widget elementor-widget-spacer\" data-id=\"614e810d\" data-element_type=\"widget\" data-e-type=\"widget\" data-widget_type=\"spacer.default\">\n\t\t\t\t<div class=\"elementor-widget-container\">\n\t\t\t\t\t\t\t<div class=\"elementor-spacer\">\n\t\t\t<div class=\"elementor-spacer-inner\"><\/div>\n\t\t<\/div>\n\t\t\t\t\t\t<\/div>\n\t\t\t\t<\/div>\n\t\t\t\t\t<\/div>\n\t\t<\/div>\n\t\t\t\t\t<\/div>\n\t\t<\/section>\n\t\t\t\t<section class=\"elementor-section elementor-top-section elementor-element elementor-element-su6atln elementor-section-boxed elementor-section-height-default elementor-section-height-default elementor-invisible\" data-id=\"su6atln\" data-element_type=\"section\" data-e-type=\"section\" data-settings=\"{&quot;animation&quot;:&quot;fadeInUp&quot;}\">\n\t\t\t\t\t\t<div class=\"elementor-container elementor-column-gap-default\">\n\t\t\t\t\t<div class=\"elementor-column elementor-col-50 elementor-top-column elementor-element elementor-element-2ebbf9c\" data-id=\"2ebbf9c\" data-element_type=\"column\" data-e-type=\"column\">\n\t\t\t<div class=\"elementor-widget-wrap elementor-element-populated\">\n\t\t\t\t\t\t<div class=\"elementor-element elementor-element-fe195c7 elementor-widget elementor-widget-heading\" data-id=\"fe195c7\" data-element_type=\"widget\" data-e-type=\"widget\" data-widget_type=\"heading.default\">\n\t\t\t\t<div class=\"elementor-widget-container\">\n\t\t\t\t\t<h2 class=\"elementor-heading-title elementor-size-default\">Nuestra Visi\u00f3n<\/h2>\t\t\t\t<\/div>\n\t\t\t\t<\/div>\n\t\t\t\t<div class=\"elementor-element elementor-element-dc051dd elementor-widget-divider--view-line elementor-widget elementor-widget-divider\" data-id=\"dc051dd\" data-element_type=\"widget\" data-e-type=\"widget\" data-widget_type=\"divider.default\">\n\t\t\t\t<div class=\"elementor-widget-container\">\n\t\t\t\t\t\t\t<div class=\"elementor-divider\">\n\t\t\t<span class=\"elementor-divider-separator\">\n\t\t\t\t\t\t<\/span>\n\t\t<\/div>\n\t\t\t\t\t\t<\/div>\n\t\t\t\t<\/div>\n\t\t\t\t<div class=\"elementor-element elementor-element-e5f497e elementor-widget elementor-widget-text-editor\" data-id=\"e5f497e\" data-element_type=\"widget\" data-e-type=\"widget\" data-widget_type=\"text-editor.default\">\n\t\t\t\t<div class=\"elementor-widget-container\">\n\t\t\t\t\t\t\t\t\t<p><b>Ser<\/b><strong> la empresa n\u00famero uno de soporte TI y soluciones de tecnolog\u00eda<\/strong>, bas\u00e1ndonos en el conocimiento continuo, en valores como, la predisposici\u00f3n, propuesta de mejoras y criterio para realizar todo tipo de tareas.<\/p>\t\t\t\t\t\t\t\t<\/div>\n\t\t\t\t<\/div>\n\t\t\t\t\t<\/div>\n\t\t<\/div>\n\t\t\t\t<div class=\"elementor-column elementor-col-50 elementor-top-column elementor-element elementor-element-e5fdae0\" data-id=\"e5fdae0\" data-element_type=\"column\" data-e-type=\"column\">\n\t\t\t<div class=\"elementor-widget-wrap elementor-element-populated\">\n\t\t\t\t\t\t<div class=\"elementor-element elementor-element-96b5b53 elementor-widget elementor-widget-image\" data-id=\"96b5b53\" data-element_type=\"widget\" data-e-type=\"widget\" data-widget_type=\"image.default\">\n\t\t\t\t<div class=\"elementor-widget-container\">\n\t\t\t\t\t\t\t\t\t\t\t\t\t\t\t<img fetchpriority=\"high\" decoding=\"async\" width=\"1423\" height=\"800\" src=\"https:\/\/www.southbox.com.ar\/wp-content\/uploads\/2022\/09\/Foto-de-Alina.jpg\" class=\"attachment-full size-full wp-image-2866\" alt=\"sobre nosotros southbox soluciones tecnologicas en Neuquen\" srcset=\"https:\/\/www.southbox.com.ar\/wp-content\/uploads\/2022\/09\/Foto-de-Alina.jpg 1423w, https:\/\/www.southbox.com.ar\/wp-content\/uploads\/2022\/09\/Foto-de-Alina-300x169.jpg 300w, https:\/\/www.southbox.com.ar\/wp-content\/uploads\/2022\/09\/Foto-de-Alina-1024x576.jpg 1024w, https:\/\/www.southbox.com.ar\/wp-content\/uploads\/2022\/09\/Foto-de-Alina-768x432.jpg 768w\" sizes=\"(max-width: 1423px) 100vw, 1423px\" \/>\t\t\t\t\t\t\t\t\t\t\t\t\t\t\t<\/div>\n\t\t\t\t<\/div>\n\t\t\t\t\t<\/div>\n\t\t<\/div>\n\t\t\t\t\t<\/div>\n\t\t<\/section>\n\t\t\t\t<section class=\"elementor-section elementor-top-section elementor-element elementor-element-9b2bfab elementor-section-boxed elementor-section-height-default elementor-section-height-default elementor-invisible\" data-id=\"9b2bfab\" data-element_type=\"section\" data-e-type=\"section\" data-settings=\"{&quot;animation&quot;:&quot;fadeInUp&quot;}\">\n\t\t\t\t\t\t<div class=\"elementor-container elementor-column-gap-default\">\n\t\t\t\t\t<div class=\"elementor-column elementor-col-50 elementor-top-column elementor-element elementor-element-e7638a6\" data-id=\"e7638a6\" data-element_type=\"column\" data-e-type=\"column\">\n\t\t\t<div class=\"elementor-widget-wrap elementor-element-populated\">\n\t\t\t\t\t\t<div class=\"elementor-element elementor-element-2b36a2c elementor-widget elementor-widget-image\" data-id=\"2b36a2c\" data-element_type=\"widget\" data-e-type=\"widget\" data-widget_type=\"image.default\">\n\t\t\t\t<div class=\"elementor-widget-container\">\n\t\t\t\t\t\t\t\t\t\t\t\t\t\t\t<img decoding=\"async\" width=\"650\" height=\"500\" src=\"https:\/\/www.southbox.com.ar\/wp-content\/uploads\/2022\/08\/imagen-southbox-trabajos-5.jpg\" class=\"attachment-full size-full wp-image-2576\" alt=\"Southbox, Sistemas de c\u00e1maras de seguridad Soporte inform\u00e1tico a empresas Cableado estructurado de datos Conexiones de fibra \u00f3ptica Circuitos el\u00e9ctricos, en Neuquen, Rio Negro\" srcset=\"https:\/\/www.southbox.com.ar\/wp-content\/uploads\/2022\/08\/imagen-southbox-trabajos-5.jpg 650w, https:\/\/www.southbox.com.ar\/wp-content\/uploads\/2022\/08\/imagen-southbox-trabajos-5-300x231.jpg 300w\" sizes=\"(max-width: 650px) 100vw, 650px\" \/>\t\t\t\t\t\t\t\t\t\t\t\t\t\t\t<\/div>\n\t\t\t\t<\/div>\n\t\t\t\t\t<\/div>\n\t\t<\/div>\n\t\t\t\t<div class=\"elementor-column elementor-col-50 elementor-top-column elementor-element elementor-element-bbbfdc5\" data-id=\"bbbfdc5\" data-element_type=\"column\" data-e-type=\"column\">\n\t\t\t<div class=\"elementor-widget-wrap elementor-element-populated\">\n\t\t\t\t\t\t<div class=\"elementor-element elementor-element-d839c1f elementor-widget elementor-widget-heading\" data-id=\"d839c1f\" data-element_type=\"widget\" data-e-type=\"widget\" data-widget_type=\"heading.default\">\n\t\t\t\t<div class=\"elementor-widget-container\">\n\t\t\t\t\t<h2 class=\"elementor-heading-title elementor-size-default\">Nuestra Misi\u00f3n<\/h2>\t\t\t\t<\/div>\n\t\t\t\t<\/div>\n\t\t\t\t<div class=\"elementor-element elementor-element-eaf4591 elementor-widget-divider--view-line elementor-widget elementor-widget-divider\" data-id=\"eaf4591\" data-element_type=\"widget\" data-e-type=\"widget\" data-widget_type=\"divider.default\">\n\t\t\t\t<div class=\"elementor-widget-container\">\n\t\t\t\t\t\t\t<div class=\"elementor-divider\">\n\t\t\t<span class=\"elementor-divider-separator\">\n\t\t\t\t\t\t<\/span>\n\t\t<\/div>\n\t\t\t\t\t\t<\/div>\n\t\t\t\t<\/div>\n\t\t\t\t<div class=\"elementor-element elementor-element-98cf275 elementor-widget elementor-widget-text-editor\" data-id=\"98cf275\" data-element_type=\"widget\" data-e-type=\"widget\" data-widget_type=\"text-editor.default\">\n\t\t\t\t<div class=\"elementor-widget-container\">\n\t\t\t\t\t\t\t\t\t<p style=\"text-align: right;\"><strong>Hacer foco en la satisfacci\u00f3n del cliente<\/strong>, proveyendo soluciones integrales, con recursos humanos calificados y con tecnolog\u00eda de primera linea.<\/p>\t\t\t\t\t\t\t\t<\/div>\n\t\t\t\t<\/div>\n\t\t\t\t\t<\/div>\n\t\t<\/div>\n\t\t\t\t\t<\/div>\n\t\t<\/section>\n\t\t\t\t<\/div>\n\t\t","protected":false},"excerpt":{"rendered":"<p>Somos una empresa formada por un equipo de j\u00f3venes profesionales, contamos con m\u00e1s de 13 a\u00f1os de experiencia de soporte a empresas, a\u00f1os en los [&hellip;]<\/p>\n","protected":false},"author":1,"featured_media":0,"parent":0,"menu_order":0,"comment_status":"closed","ping_status":"closed","template":"","meta":{"footnotes":""},"class_list":["post-2727","page","type-page","status-publish","hentry"],"yoast_head":"<!-- This site is optimized with the Yoast SEO plugin v27.5 - https:\/\/yoast.com\/product\/yoast-seo-wordpress\/ -->\n<title>Nosotros - Southbox<\/title>\n<meta name=\"description\" content=\"Somos una empresa formada por j\u00f3venes profesionales, contamos con m\u00e1s de 13 a\u00f1os de experiencia de soporte a empresas.\" \/>\n<meta name=\"robots\" content=\"index, follow, max-snippet:-1, max-image-preview:large, max-video-preview:-1\" \/>\n<link rel=\"canonical\" href=\"https:\/\/www.southbox.com.ar\/?page_id=2727\" \/>\n<meta property=\"og:locale\" content=\"es_ES\" \/>\n<meta property=\"og:type\" content=\"article\" \/>\n<meta property=\"og:title\" content=\"Nosotros - Southbox\" \/>\n<meta property=\"og:description\" content=\"Somos una empresa formada por j\u00f3venes profesionales, contamos con m\u00e1s de 13 a\u00f1os de experiencia de soporte a empresas.\" \/>\n<meta property=\"og:url\" content=\"https:\/\/www.southbox.com.ar\/?page_id=2727\" \/>\n<meta property=\"og:site_name\" content=\"Southbox\" \/>\n<meta property=\"article:modified_time\" content=\"2024-10-16T23:39:26+00:00\" \/>\n<meta property=\"og:image\" content=\"https:\/\/www.southbox.com.ar\/wp-content\/uploads\/2022\/09\/Foto-de-Alina.jpg\" \/>\n\t<meta property=\"og:image:width\" content=\"1423\" \/>\n\t<meta property=\"og:image:height\" content=\"800\" \/>\n\t<meta property=\"og:image:type\" content=\"image\/jpeg\" \/>\n<meta name=\"twitter:card\" content=\"summary_large_image\" \/>\n<meta name=\"twitter:label1\" content=\"Tiempo de lectura\" \/>\n\t<meta name=\"twitter:data1\" content=\"2 minutos\" \/>\n<script type=\"application\/ld+json\" class=\"yoast-schema-graph\">{\"@context\":\"https:\\\/\\\/schema.org\",\"@graph\":[{\"@type\":\"WebPage\",\"@id\":\"https:\\\/\\\/www.southbox.com.ar\\\/?page_id=2727\",\"url\":\"https:\\\/\\\/www.southbox.com.ar\\\/?page_id=2727\",\"name\":\"Nosotros - Southbox\",\"isPartOf\":{\"@id\":\"https:\\\/\\\/www.southbox.com.ar\\\/#website\"},\"primaryImageOfPage\":{\"@id\":\"https:\\\/\\\/www.southbox.com.ar\\\/?page_id=2727#primaryimage\"},\"image\":{\"@id\":\"https:\\\/\\\/www.southbox.com.ar\\\/?page_id=2727#primaryimage\"},\"thumbnailUrl\":\"https:\\\/\\\/www.southbox.com.ar\\\/wp-content\\\/uploads\\\/2022\\\/09\\\/Foto-de-Alina.jpg\",\"datePublished\":\"2022-08-23T02:30:53+00:00\",\"dateModified\":\"2024-10-16T23:39:26+00:00\",\"description\":\"Somos una empresa formada por j\u00f3venes profesionales, contamos con m\u00e1s de 13 a\u00f1os de experiencia de soporte a empresas.\",\"breadcrumb\":{\"@id\":\"https:\\\/\\\/www.southbox.com.ar\\\/?page_id=2727#breadcrumb\"},\"inLanguage\":\"es\",\"potentialAction\":[{\"@type\":\"ReadAction\",\"target\":[\"https:\\\/\\\/www.southbox.com.ar\\\/?page_id=2727\"]}]},{\"@type\":\"ImageObject\",\"inLanguage\":\"es\",\"@id\":\"https:\\\/\\\/www.southbox.com.ar\\\/?page_id=2727#primaryimage\",\"url\":\"https:\\\/\\\/www.southbox.com.ar\\\/wp-content\\\/uploads\\\/2022\\\/09\\\/Foto-de-Alina.jpg\",\"contentUrl\":\"https:\\\/\\\/www.southbox.com.ar\\\/wp-content\\\/uploads\\\/2022\\\/09\\\/Foto-de-Alina.jpg\",\"width\":1423,\"height\":800,\"caption\":\"sobre nosotros southbox soluciones tecnologicas en Neuquen\"},{\"@type\":\"BreadcrumbList\",\"@id\":\"https:\\\/\\\/www.southbox.com.ar\\\/?page_id=2727#breadcrumb\",\"itemListElement\":[{\"@type\":\"ListItem\",\"position\":1,\"name\":\"Portada\",\"item\":\"https:\\\/\\\/www.southbox.com.ar\\\/\"},{\"@type\":\"ListItem\",\"position\":2,\"name\":\"Nosotros\"}]},{\"@type\":\"WebSite\",\"@id\":\"https:\\\/\\\/www.southbox.com.ar\\\/#website\",\"url\":\"https:\\\/\\\/www.southbox.com.ar\\\/\",\"name\":\"Southbox\",\"description\":\"Servicios Tecnologicos\",\"publisher\":{\"@id\":\"https:\\\/\\\/www.southbox.com.ar\\\/#organization\"},\"potentialAction\":[{\"@type\":\"SearchAction\",\"target\":{\"@type\":\"EntryPoint\",\"urlTemplate\":\"https:\\\/\\\/www.southbox.com.ar\\\/?s={search_term_string}\"},\"query-input\":{\"@type\":\"PropertyValueSpecification\",\"valueRequired\":true,\"valueName\":\"search_term_string\"}}],\"inLanguage\":\"es\"},{\"@type\":\"Organization\",\"@id\":\"https:\\\/\\\/www.southbox.com.ar\\\/#organization\",\"name\":\"Southbox\",\"url\":\"https:\\\/\\\/www.southbox.com.ar\\\/\",\"logo\":{\"@type\":\"ImageObject\",\"inLanguage\":\"es\",\"@id\":\"https:\\\/\\\/www.southbox.com.ar\\\/#\\\/schema\\\/logo\\\/image\\\/\",\"url\":\"https:\\\/\\\/www.southbox.com.ar\\\/wp-content\\\/uploads\\\/2022\\\/10\\\/cropped-logo-principal-3-1.png\",\"contentUrl\":\"https:\\\/\\\/www.southbox.com.ar\\\/wp-content\\\/uploads\\\/2022\\\/10\\\/cropped-logo-principal-3-1.png\",\"width\":900,\"height\":280,\"caption\":\"Southbox\"},\"image\":{\"@id\":\"https:\\\/\\\/www.southbox.com.ar\\\/#\\\/schema\\\/logo\\\/image\\\/\"}}]}<\/script>\n<!-- \/ Yoast SEO plugin. -->","yoast_head_json":{"title":"Nosotros - Southbox","description":"Somos una empresa formada por j\u00f3venes profesionales, contamos con m\u00e1s de 13 a\u00f1os de experiencia de soporte a empresas.","robots":{"index":"index","follow":"follow","max-snippet":"max-snippet:-1","max-image-preview":"max-image-preview:large","max-video-preview":"max-video-preview:-1"},"canonical":"https:\/\/www.southbox.com.ar\/?page_id=2727","og_locale":"es_ES","og_type":"article","og_title":"Nosotros - Southbox","og_description":"Somos una empresa formada por j\u00f3venes profesionales, contamos con m\u00e1s de 13 a\u00f1os de experiencia de soporte a empresas.","og_url":"https:\/\/www.southbox.com.ar\/?page_id=2727","og_site_name":"Southbox","article_modified_time":"2024-10-16T23:39:26+00:00","og_image":[{"width":1423,"height":800,"url":"https:\/\/www.southbox.com.ar\/wp-content\/uploads\/2022\/09\/Foto-de-Alina.jpg","type":"image\/jpeg"}],"twitter_card":"summary_large_image","twitter_misc":{"Tiempo de lectura":"2 minutos"},"schema":{"@context":"https:\/\/schema.org","@graph":[{"@type":"WebPage","@id":"https:\/\/www.southbox.com.ar\/?page_id=2727","url":"https:\/\/www.southbox.com.ar\/?page_id=2727","name":"Nosotros - Southbox","isPartOf":{"@id":"https:\/\/www.southbox.com.ar\/#website"},"primaryImageOfPage":{"@id":"https:\/\/www.southbox.com.ar\/?page_id=2727#primaryimage"},"image":{"@id":"https:\/\/www.southbox.com.ar\/?page_id=2727#primaryimage"},"thumbnailUrl":"https:\/\/www.southbox.com.ar\/wp-content\/uploads\/2022\/09\/Foto-de-Alina.jpg","datePublished":"2022-08-23T02:30:53+00:00","dateModified":"2024-10-16T23:39:26+00:00","description":"Somos una empresa formada por j\u00f3venes profesionales, contamos con m\u00e1s de 13 a\u00f1os de experiencia de soporte a empresas.","breadcrumb":{"@id":"https:\/\/www.southbox.com.ar\/?page_id=2727#breadcrumb"},"inLanguage":"es","potentialAction":[{"@type":"ReadAction","target":["https:\/\/www.southbox.com.ar\/?page_id=2727"]}]},{"@type":"ImageObject","inLanguage":"es","@id":"https:\/\/www.southbox.com.ar\/?page_id=2727#primaryimage","url":"https:\/\/www.southbox.com.ar\/wp-content\/uploads\/2022\/09\/Foto-de-Alina.jpg","contentUrl":"https:\/\/www.southbox.com.ar\/wp-content\/uploads\/2022\/09\/Foto-de-Alina.jpg","width":1423,"height":800,"caption":"sobre nosotros southbox soluciones tecnologicas en Neuquen"},{"@type":"BreadcrumbList","@id":"https:\/\/www.southbox.com.ar\/?page_id=2727#breadcrumb","itemListElement":[{"@type":"ListItem","position":1,"name":"Portada","item":"https:\/\/www.southbox.com.ar\/"},{"@type":"ListItem","position":2,"name":"Nosotros"}]},{"@type":"WebSite","@id":"https:\/\/www.southbox.com.ar\/#website","url":"https:\/\/www.southbox.com.ar\/","name":"Southbox","description":"Servicios Tecnologicos","publisher":{"@id":"https:\/\/www.southbox.com.ar\/#organization"},"potentialAction":[{"@type":"SearchAction","target":{"@type":"EntryPoint","urlTemplate":"https:\/\/www.southbox.com.ar\/?s={search_term_string}"},"query-input":{"@type":"PropertyValueSpecification","valueRequired":true,"valueName":"search_term_string"}}],"inLanguage":"es"},{"@type":"Organization","@id":"https:\/\/www.southbox.com.ar\/#organization","name":"Southbox","url":"https:\/\/www.southbox.com.ar\/","logo":{"@type":"ImageObject","inLanguage":"es","@id":"https:\/\/www.southbox.com.ar\/#\/schema\/logo\/image\/","url":"https:\/\/www.southbox.com.ar\/wp-content\/uploads\/2022\/10\/cropped-logo-principal-3-1.png","contentUrl":"https:\/\/www.southbox.com.ar\/wp-content\/uploads\/2022\/10\/cropped-logo-principal-3-1.png","width":900,"height":280,"caption":"Southbox"},"image":{"@id":"https:\/\/www.southbox.com.ar\/#\/schema\/logo\/image\/"}}]}},"jetpack_sharing_enabled":true,"_links":{"self":[{"href":"https:\/\/www.southbox.com.ar\/index.php?rest_route=\/wp\/v2\/pages\/2727","targetHints":{"allow":["GET"]}}],"collection":[{"href":"https:\/\/www.southbox.com.ar\/index.php?rest_route=\/wp\/v2\/pages"}],"about":[{"href":"https:\/\/www.southbox.com.ar\/index.php?rest_route=\/wp\/v2\/types\/page"}],"author":[{"embeddable":true,"href":"https:\/\/www.southbox.com.ar\/index.php?rest_route=\/wp\/v2\/users\/1"}],"replies":[{"embeddable":true,"href":"https:\/\/www.southbox.com.ar\/index.php?rest_route=%2Fwp%2Fv2%2Fcomments&post=2727"}],"version-history":[{"count":44,"href":"https:\/\/www.southbox.com.ar\/index.php?rest_route=\/wp\/v2\/pages\/2727\/revisions"}],"predecessor-version":[{"id":3160,"href":"https:\/\/www.southbox.com.ar\/index.php?rest_route=\/wp\/v2\/pages\/2727\/revisions\/3160"}],"wp:attachment":[{"href":"https:\/\/www.southbox.com.ar\/index.php?rest_route=%2Fwp%2Fv2%2Fmedia&parent=2727"}],"curies":[{"name":"wp","href":"https:\/\/api.w.org\/{rel}","templated":true}]}}